{"id":751,"date":"2025-03-06T13:24:20","date_gmt":"2025-03-06T12:24:20","guid":{"rendered":"https:\/\/detactive.hu\/?post_type=product&#038;p=751"},"modified":"2025-07-30T13:08:10","modified_gmt":"2025-07-30T11:08:10","slug":"fekete-rozsak-rejtelye","status":"publish","type":"product","link":"https:\/\/detactive.hu\/en\/product\/fekete-rozsak-rejtelye\/","title":{"rendered":"A fekete r\u00f3zs\u00e1k rejt\u00e9lye"},"content":{"rendered":"","protected":false},"excerpt":{"rendered":"<p>Can You solve it?<br \/>\nA missing man. A buried secret. Five lies.<\/p>\n<p>The streets of Si\u00f3fok are haunted by the shadows of a ten-year-old unsolved case. Hidden clues, forgotten witnesses, and a mysterious black rose guide the detectives toward the final truth. But beware \u2013 nothing is as it seems...<\/p>\n<p>\ud83d\udd0d Explore the city's iconic locations!<br \/>\n\ud83d\udc80 Interrogate the suspects!<br \/>\n\u23f3 Uncover the secrets of the past before it's too late!<\/p>\n<p>\ud83d\udc41\u200d\ud83d\udde8 Will you discover the truth or will it remain hidden forever?<\/p>","protected":false},"featured_media":1191,"comment_status":"closed","ping_status":"closed","template":"","meta":[],"product_brand":[],"product_cat":[38],"product_tag":[],"class_list":{"0":"post-751","1":"product","2":"type-product","3":"status-publish","4":"has-post-thumbnail","6":"product_cat-varosi-nyomozos-jatekok","8":"first","9":"instock","10":"virtual","11":"sold-individually","12":"purchasable","13":"product-type-simple"},"_links":{"self":[{"href":"https:\/\/detactive.hu\/en\/wp-json\/wp\/v2\/product\/751","targetHints":{"allow":["GET"]}}],"collection":[{"href":"https:\/\/detactive.hu\/en\/wp-json\/wp\/v2\/product"}],"about":[{"href":"https:\/\/detactive.hu\/en\/wp-json\/wp\/v2\/types\/product"}],"replies":[{"embeddable":true,"href":"https:\/\/detactive.hu\/en\/wp-json\/wp\/v2\/comments?post=751"}],"wp:featuredmedia":[{"embeddable":true,"href":"https:\/\/detactive.hu\/en\/wp-json\/wp\/v2\/media\/1191"}],"wp:attachment":[{"href":"https:\/\/detactive.hu\/en\/wp-json\/wp\/v2\/media?parent=751"}],"wp:term":[{"taxonomy":"product_brand","embeddable":true,"href":"https:\/\/detactive.hu\/en\/wp-json\/wp\/v2\/product_brand?post=751"},{"taxonomy":"product_cat","embeddable":true,"href":"https:\/\/detactive.hu\/en\/wp-json\/wp\/v2\/product_cat?post=751"},{"taxonomy":"product_tag","embeddable":true,"href":"https:\/\/detactive.hu\/en\/wp-json\/wp\/v2\/product_tag?post=751"}],"curies":[{"name":"wp","href":"https:\/\/api.w.org\/{rel}","templated":true}]}}