{"id":2833,"date":"2025-07-29T23:01:06","date_gmt":"2025-07-29T21:01:06","guid":{"rendered":"https:\/\/detactive.hu\/?post_type=product&#038;p=2833"},"modified":"2025-11-27T19:42:00","modified_gmt":"2025-11-27T18:42:00","slug":"fekete-rozsak-rejtelye-teljes-tortenet","status":"publish","type":"product","link":"https:\/\/detactive.hu\/en\/product\/fekete-rozsak-rejtelye-teljes-tortenet\/","title":{"rendered":"A Fekete R\u00f3zs\u00e1k Saga &#8211; Teljes t\u00f6rt\u00e9net"},"content":{"rendered":"","protected":false},"excerpt":{"rendered":"<p data-start=\"55\" data-end=\"126\">Egy elt\u0171nt f\u00e9rfi. Egy el\u00e1sott titok. Egy bossz\u00fa, ami sosem \u00e9rt v\u00e9get.<\/p>\n<p data-start=\"128\" data-end=\"376\">Si\u00f3fok utc\u00e1in s\u00f6t\u00e9t m\u00falt k\u00eds\u00e9rt: t\u00edz \u00e9ve megoldatlan \u00fcgyek, \u00fajabb elt\u0171n\u00e9sek \u00e9s egy titokzatos fekete r\u00f3zsa, ami minden nyomoz\u00f3t pr\u00f3b\u00e1ra tesz. A v\u00e1ros ikonikus helysz\u00ednei most \u00fajra \u00e9letre kelnek \u2013 rejtv\u00e9nyek, tan\u00fak, titkok \u00e9s hazugs\u00e1gok h\u00e1l\u00f3j\u00e1ban.<\/p>\n<p data-start=\"378\" data-end=\"588\">\ud83d\udc80 Fejtsd meg a m\u00falt b\u0171neit, miel\u0151tt a k\u00f6vetkez\u0151 \u00e1ldozat te leszel!<br data-start=\"445\" data-end=\"448\" \/>\ud83c\udf39 K\u00f6vesd a r\u00f3zs\u00e1k \u00fatj\u00e1t \u2013 minden sz\u00e1l egy \u00faj igazs\u00e1ghoz vezet.<br data-start=\"511\" data-end=\"514\" \/>\u23f3 Egyetlen es\u00e9lyed van: felfedni, ki ir\u00e1ny\u00edtja a s\u00f6t\u00e9ts\u00e9get a h\u00e1tt\u00e9rb\u0151l.<\/p>\n<p data-start=\"590\" data-end=\"740\">Ez a k\u00e9t r\u00e9szes nyomoz\u00f3s j\u00e1t\u00e9k elvezet a kezdetekt\u0151l a v\u00e9gs\u0151 lesz\u00e1mol\u00e1sig.<br data-start=\"664\" data-end=\"667\" \/>\u00daj helysz\u00ednek, \u00faj rejtv\u00e9nyek, \u00faj vesz\u00e9lyek \u2013 de a k\u00e9rd\u00e9s ugyanaz marad:<\/p>\n<p data-start=\"742\" data-end=\"770\" data-is-last-node=\"\" data-is-only-node=\"\">\ud83d\udc41\u200d\ud83d\udde8 <strong data-start=\"748\" data-end=\"770\" data-is-last-node=\"\">Can You solve it?<\/strong><\/p>","protected":false},"featured_media":2834,"comment_status":"closed","ping_status":"closed","template":"","meta":[],"product_brand":[],"product_cat":[38],"product_tag":[],"class_list":{"0":"post-2833","1":"product","2":"type-product","3":"status-publish","4":"has-post-thumbnail","6":"product_cat-varosi-nyomozos-jatekok","8":"first","9":"instock","10":"virtual","11":"sold-individually","12":"purchasable","13":"product-type-simple"},"_links":{"self":[{"href":"https:\/\/detactive.hu\/en\/wp-json\/wp\/v2\/product\/2833","targetHints":{"allow":["GET"]}}],"collection":[{"href":"https:\/\/detactive.hu\/en\/wp-json\/wp\/v2\/product"}],"about":[{"href":"https:\/\/detactive.hu\/en\/wp-json\/wp\/v2\/types\/product"}],"replies":[{"embeddable":true,"href":"https:\/\/detactive.hu\/en\/wp-json\/wp\/v2\/comments?post=2833"}],"wp:featuredmedia":[{"embeddable":true,"href":"https:\/\/detactive.hu\/en\/wp-json\/wp\/v2\/media\/2834"}],"wp:attachment":[{"href":"https:\/\/detactive.hu\/en\/wp-json\/wp\/v2\/media?parent=2833"}],"wp:term":[{"taxonomy":"product_brand","embeddable":true,"href":"https:\/\/detactive.hu\/en\/wp-json\/wp\/v2\/product_brand?post=2833"},{"taxonomy":"product_cat","embeddable":true,"href":"https:\/\/detactive.hu\/en\/wp-json\/wp\/v2\/product_cat?post=2833"},{"taxonomy":"product_tag","embeddable":true,"href":"https:\/\/detactive.hu\/en\/wp-json\/wp\/v2\/product_tag?post=2833"}],"curies":[{"name":"wp","href":"https:\/\/api.w.org\/{rel}","templated":true}]}}