{"id":2726,"date":"2025-11-08T20:54:06","date_gmt":"2025-11-08T19:54:06","guid":{"rendered":"https:\/\/detactive.hu\/?post_type=product&#038;p=2726"},"modified":"2025-11-12T15:12:25","modified_gmt":"2025-11-12T14:12:25","slug":"ajandekutalvany-te-onismereti-seta-siofokon","status":"publish","type":"product","link":"https:\/\/detactive.hu\/en\/product\/ajandekutalvany-te-onismereti-seta-siofokon\/","title":{"rendered":"Aj\u00e1nd\u00e9kutalv\u00e1ny &#8211; TE 2.0 &#8211; \u00d6nismereti s\u00e9ta Si\u00f3fokon"},"content":{"rendered":"","protected":false},"excerpt":{"rendered":"<p>Aj\u00e1nd\u00e9kozz \u00e9lm\u00e9nyt!<\/p>\n<p>A DetActive aj\u00e1nd\u00e9kutalv\u00e1nyaival igazi nyomoz\u00f3s kalandot adhatsz aj\u00e1nd\u00e9kba, ami nem csak egy s\u00e9ta, hanem izgalmas rejt\u00e9lyekkel \u00e9s kih\u00edv\u00e1sokkal teli v\u00e1rosi felfedez\u00e9s Si\u00f3fok ikonikus helysz\u00ednein.<\/p>","protected":false},"featured_media":2798,"comment_status":"closed","ping_status":"closed","template":"","meta":[],"product_brand":[],"product_cat":[39],"product_tag":[],"class_list":{"0":"post-2726","1":"product","2":"type-product","3":"status-publish","4":"has-post-thumbnail","6":"product_cat-detactive-ajandekutalvany","8":"first","9":"instock","10":"virtual","11":"purchasable","12":"product-type-simple"},"_links":{"self":[{"href":"https:\/\/detactive.hu\/en\/wp-json\/wp\/v2\/product\/2726","targetHints":{"allow":["GET"]}}],"collection":[{"href":"https:\/\/detactive.hu\/en\/wp-json\/wp\/v2\/product"}],"about":[{"href":"https:\/\/detactive.hu\/en\/wp-json\/wp\/v2\/types\/product"}],"replies":[{"embeddable":true,"href":"https:\/\/detactive.hu\/en\/wp-json\/wp\/v2\/comments?post=2726"}],"wp:featuredmedia":[{"embeddable":true,"href":"https:\/\/detactive.hu\/en\/wp-json\/wp\/v2\/media\/2798"}],"wp:attachment":[{"href":"https:\/\/detactive.hu\/en\/wp-json\/wp\/v2\/media?parent=2726"}],"wp:term":[{"taxonomy":"product_brand","embeddable":true,"href":"https:\/\/detactive.hu\/en\/wp-json\/wp\/v2\/product_brand?post=2726"},{"taxonomy":"product_cat","embeddable":true,"href":"https:\/\/detactive.hu\/en\/wp-json\/wp\/v2\/product_cat?post=2726"},{"taxonomy":"product_tag","embeddable":true,"href":"https:\/\/detactive.hu\/en\/wp-json\/wp\/v2\/product_tag?post=2726"}],"curies":[{"name":"wp","href":"https:\/\/api.w.org\/{rel}","templated":true}]}}