{"id":2479,"date":"2025-08-26T14:37:56","date_gmt":"2025-08-26T12:37:56","guid":{"rendered":"https:\/\/detactive.hu\/?post_type=product&#038;p=2479"},"modified":"2025-08-26T14:40:51","modified_gmt":"2025-08-26T12:40:51","slug":"te-2-0-onismereti-seta","status":"publish","type":"product","link":"https:\/\/detactive.hu\/en\/product\/te-2-0-onismereti-seta\/","title":{"rendered":"Te 2.0 \u2013 \u00d6nismereti s\u00e9ta"},"content":{"rendered":"","protected":false},"excerpt":{"rendered":"<div class=\"elementor-element elementor-element-91788bf elementor-widget elementor-widget-text-editor\" data-id=\"91788bf\" data-element_type=\"widget\" data-widget_type=\"text-editor.default\">\n<div class=\"elementor-widget-container\">\n<p>Egy lelki utaz\u00e1s. Egy elakad\u00e1s, ami v\u00e9gre utat k\u00e9r mag\u00e1nak. \u00c9s egy d\u00f6nt\u00e9s: magad mellett.<\/p>\n<p>A lelked nem v\u00e9letlen\u00fcl sz\u00f3l. Valami t\u00faln\u0151tt rajtad. Valami elakadt. \u00c9s tal\u00e1n most j\u00f6tt el az id\u0151, hogy v\u00e9gre meghalld.<\/p>\n<p><span class=\"html-span xexx8yu xyri2b x18d9i69 x1c1uobl x1hl2dhg x16tdsg8 x1vvkbs x3nfvp2 x1j61x8r x1fcty0u xdj266r xat24cr xm2jcoa x1mpyi22 xxymvpz xlup9mm x1kky2od\"><img decoding=\"async\" class=\"xz74otr x15mokao x1ga7v0g x16uus16 xbiv7yw entered lazyloaded\" src=\"https:\/\/static.xx.fbcdn.net\/images\/emoji.php\/v9\/tb\/1\/16\/1f300.png\" alt=\"\ud83c\udf00\" width=\"16\" height=\"16\" data-lazy-src=\"https:\/\/static.xx.fbcdn.net\/images\/emoji.php\/v9\/tb\/1\/16\/1f300.png\" data-ll-status=\"loaded\" \/><\/span> Hat \u00e1llom\u00e1s. Hat szimb\u00f3lum. Hat k\u00e9rd\u00e9s, amit m\u00e1r r\u00e9g\u00f3ta cipelsz. A s\u00e9ta sor\u00e1n bej\u00e1rsz hat k\u00fcl\u00f6nleges si\u00f3foki helysz\u00ednt \u2013 mindegyik seg\u00edt kicsit m\u00e9lyebben l\u00e1tni. K\u00e9rd\u00e9seket kapsz. Inspir\u00e1ci\u00f3t. Egyre tiszt\u00e1bban l\u00e1tod majd, mi\u00e9rt tartasz ott, ahol most vagy \u2013 \u00e9s hogyan mehetn\u00e9l tov\u00e1bb.<\/p>\n<p><span class=\"html-span xexx8yu xyri2b x18d9i69 x1c1uobl x1hl2dhg x16tdsg8 x1vvkbs x3nfvp2 x1j61x8r x1fcty0u xdj266r xat24cr xm2jcoa x1mpyi22 xxymvpz xlup9mm x1kky2od\"><img decoding=\"async\" class=\"xz74otr x15mokao x1ga7v0g x16uus16 xbiv7yw entered lazyloaded\" src=\"https:\/\/static.xx.fbcdn.net\/images\/emoji.php\/v9\/t3c\/1\/16\/1f4a1.png\" alt=\"\ud83d\udca1\" width=\"16\" height=\"16\" data-lazy-src=\"https:\/\/static.xx.fbcdn.net\/images\/emoji.php\/v9\/t3c\/1\/16\/1f4a1.png\" data-ll-status=\"loaded\" \/><\/span> A s\u00e9ta v\u00e9g\u00e9n egy 60 perces ingyenes coaching diagn\u00f3zis \u00fcl\u00e9sre is jogosult vagy. \u00c9s ki tudja\u2026 tal\u00e1n ez lesz az els\u0151 l\u00e9p\u00e9s a TE 2.0 verzi\u00f3dhoz.<\/p>\n<p><span class=\"html-span xexx8yu xyri2b x18d9i69 x1c1uobl x1hl2dhg x16tdsg8 x1vvkbs x3nfvp2 x1j61x8r x1fcty0u xdj266r xat24cr xm2jcoa x1mpyi22 xxymvpz xlup9mm x1kky2od\"><img decoding=\"async\" class=\"xz74otr x15mokao x1ga7v0g x16uus16 xbiv7yw entered lazyloaded\" src=\"https:\/\/static.xx.fbcdn.net\/images\/emoji.php\/v9\/t69\/1\/16\/1f331.png\" alt=\"\ud83c\udf31\" width=\"16\" height=\"16\" data-lazy-src=\"https:\/\/static.xx.fbcdn.net\/images\/emoji.php\/v9\/t69\/1\/16\/1f331.png\" data-ll-status=\"loaded\" \/><\/span> Ez nem egy j\u00e1t\u00e9k. Ez egy bels\u0151 d\u00f6nt\u00e9s.<\/p>\n<\/div>\n<\/div>","protected":false},"featured_media":2420,"comment_status":"closed","ping_status":"closed","template":"","meta":[],"product_brand":[],"product_cat":[38],"product_tag":[],"class_list":{"0":"post-2479","1":"product","2":"type-product","3":"status-publish","4":"has-post-thumbnail","6":"product_cat-varosi-nyomozos-jatekok","8":"first","9":"instock","10":"virtual","11":"sold-individually","12":"purchasable","13":"product-type-simple"},"_links":{"self":[{"href":"https:\/\/detactive.hu\/en\/wp-json\/wp\/v2\/product\/2479","targetHints":{"allow":["GET"]}}],"collection":[{"href":"https:\/\/detactive.hu\/en\/wp-json\/wp\/v2\/product"}],"about":[{"href":"https:\/\/detactive.hu\/en\/wp-json\/wp\/v2\/types\/product"}],"replies":[{"embeddable":true,"href":"https:\/\/detactive.hu\/en\/wp-json\/wp\/v2\/comments?post=2479"}],"wp:featuredmedia":[{"embeddable":true,"href":"https:\/\/detactive.hu\/en\/wp-json\/wp\/v2\/media\/2420"}],"wp:attachment":[{"href":"https:\/\/detactive.hu\/en\/wp-json\/wp\/v2\/media?parent=2479"}],"wp:term":[{"taxonomy":"product_brand","embeddable":true,"href":"https:\/\/detactive.hu\/en\/wp-json\/wp\/v2\/product_brand?post=2479"},{"taxonomy":"product_cat","embeddable":true,"href":"https:\/\/detactive.hu\/en\/wp-json\/wp\/v2\/product_cat?post=2479"},{"taxonomy":"product_tag","embeddable":true,"href":"https:\/\/detactive.hu\/en\/wp-json\/wp\/v2\/product_tag?post=2479"}],"curies":[{"name":"wp","href":"https:\/\/api.w.org\/{rel}","templated":true}]}}