{"id":2196,"date":"2025-07-28T13:22:09","date_gmt":"2025-07-28T11:22:09","guid":{"rendered":"https:\/\/detactive.hu\/?post_type=product&#038;p=2196"},"modified":"2025-07-30T23:39:35","modified_gmt":"2025-07-30T21:39:35","slug":"a-fekete-rozsak-fekete-tovisei","status":"publish","type":"product","link":"https:\/\/detactive.hu\/en\/product\/a-fekete-rozsak-fekete-tovisei\/","title":{"rendered":"A fekete r\u00f3zs\u00e1k fekete t\u00f6visei"},"content":{"rendered":"","protected":false},"excerpt":{"rendered":"<p><strong>\ud83c\udf39 Fekete R\u00f3zs\u00e1k Fekete T\u00f6visei<\/strong><\/p>\n<p><strong>Egy \u00faj fejezet. Egy r\u00e9gi bossz\u00fa. Egyetlen es\u00e9lyed.<\/strong><\/p>\n<p><strong>A m\u00falt nem temet el minden titkot.<br \/>\nSi\u00f3fok utc\u00e1in \u00fajra suttognak a nevek.<br \/>\nValaki visszat\u00e9rt\u2026 \u00e9s mag\u00e1val hozta a s\u00f6t\u00e9ts\u00e9get.<br \/>\nElt<\/strong><strong>\u0171<\/strong><strong>n\u00e9sek. Csendes fenyeget\u00e9sek. Egyre t\u00f6bb fekete r\u00f3zsa.<br \/>\n\u00c9s egy utols\u00f3, mindent eld\u00f6nt<\/strong><strong>\u0151<\/strong><strong> j\u00e1t\u00e9k.<\/strong><\/p>\n<p><strong>\ud83d\udca1 Ez a t\u00f6rt\u00e9net a <em>Fekete R\u00f3zs\u00e1k Rejt\u00e9lye<\/em> folytat\u00e1sa.<br \/>\nA teljes \u00e9lm\u00e9ny \u00e9rdek\u00e9ben el<\/strong><strong>\u0151<\/strong><strong>sz\u00f6r azt j\u00e1tssz\u00e1tok v\u00e9gig!<br \/>\nUt\u00e1na pedig: \u00faj helysz\u00ednek, \u00faj feladv\u00e1nyok, \u00faj arcok \u2013 \u00e9s egy v\u00e9gzetes tal\u00e1lkoz\u00e1s.<\/strong><\/p>\n<p><strong>\ud83d\udd0e Mered k\u00f6vetni a fekete r\u00f3zs\u00e1k t\u00f6viseit?<br \/>\nEz\u00fattal a t\u00e9t nem csup\u00e1n az igazs\u00e1g.<br \/>\nHanem az, hogy ki \u00e9lvezi majd a gy<\/strong><strong>\u0151<\/strong><strong>ztesek rumj\u00e1t\u2026 \u00e9s ki nem.<\/strong><\/p>\n<p><strong>\ud83d\udd75\ufe0f\u200d<\/strong><strong>\u2642\ufe0f Indulj el most \u2013 a nyomok \u00fajra megny\u00edltak.<\/strong><\/p>\n<p>\ud83d\udccd 6 helysz\u00edn, 6 t\u00f6rt\u00e9net, 1 igazs\u00e1g.<br \/>\n<strong>Fejtsd meg a rejt\u00e9lyt \u2013 miel\u0151tt a k\u00f6vetkez\u0151 t\u00f6vis bel\u00e9d sz\u00far.<\/strong><\/p>","protected":false},"featured_media":2197,"comment_status":"closed","ping_status":"closed","template":"","meta":[],"product_brand":[],"product_cat":[38],"product_tag":[],"class_list":{"0":"post-2196","1":"product","2":"type-product","3":"status-publish","4":"has-post-thumbnail","6":"product_cat-varosi-nyomozos-jatekok","8":"first","9":"instock","10":"virtual","11":"sold-individually","12":"purchasable","13":"product-type-simple"},"_links":{"self":[{"href":"https:\/\/detactive.hu\/en\/wp-json\/wp\/v2\/product\/2196","targetHints":{"allow":["GET"]}}],"collection":[{"href":"https:\/\/detactive.hu\/en\/wp-json\/wp\/v2\/product"}],"about":[{"href":"https:\/\/detactive.hu\/en\/wp-json\/wp\/v2\/types\/product"}],"replies":[{"embeddable":true,"href":"https:\/\/detactive.hu\/en\/wp-json\/wp\/v2\/comments?post=2196"}],"wp:featuredmedia":[{"embeddable":true,"href":"https:\/\/detactive.hu\/en\/wp-json\/wp\/v2\/media\/2197"}],"wp:attachment":[{"href":"https:\/\/detactive.hu\/en\/wp-json\/wp\/v2\/media?parent=2196"}],"wp:term":[{"taxonomy":"product_brand","embeddable":true,"href":"https:\/\/detactive.hu\/en\/wp-json\/wp\/v2\/product_brand?post=2196"},{"taxonomy":"product_cat","embeddable":true,"href":"https:\/\/detactive.hu\/en\/wp-json\/wp\/v2\/product_cat?post=2196"},{"taxonomy":"product_tag","embeddable":true,"href":"https:\/\/detactive.hu\/en\/wp-json\/wp\/v2\/product_tag?post=2196"}],"curies":[{"name":"wp","href":"https:\/\/api.w.org\/{rel}","templated":true}]}}