{"id":551,"date":"2025-03-06T12:02:14","date_gmt":"2025-03-06T11:02:14","guid":{"rendered":"https:\/\/detactive.hu\/fiokom-2\/"},"modified":"2025-11-11T23:42:50","modified_gmt":"2025-11-11T22:42:50","slug":"fiokom","status":"publish","type":"page","link":"https:\/\/detactive.hu\/en\/fiokom\/","title":{"rendered":"Account"},"content":{"rendered":"<div data-elementor-type=\"wp-page\" data-elementor-id=\"551\" class=\"elementor elementor-551\" data-elementor-post-type=\"page\">\n\t\t\t\t<div class=\"elementor-element elementor-element-b744687 e-flex e-con-boxed e-con e-parent\" data-id=\"b744687\" data-element_type=\"container\" data-e-type=\"container\" data-settings=\"{&quot;background_background&quot;:&quot;classic&quot;}\">\n\t\t\t\t\t<div class=\"e-con-inner\">\n\t\t<div class=\"elementor-element elementor-element-75ac19c6 e-con-full e-flex e-con e-child\" data-id=\"75ac19c6\" data-element_type=\"container\" data-e-type=\"container\">\n\t\t\t\t<div class=\"elementor-element elementor-element-69218d82 elementor-widget elementor-widget-heading\" data-id=\"69218d82\" data-element_type=\"widget\" data-e-type=\"widget\" data-widget_type=\"heading.default\">\n\t\t\t\t<div class=\"elementor-widget-container\">\n\t\t\t\t\t<h1 class=\"elementor-heading-title elementor-size-default\">Account<\/h1>\t\t\t\t<\/div>\n\t\t\t\t<\/div>\n\t\t\t\t<div class=\"elementor-element elementor-element-62ce9d6 elementor-widget elementor-widget-heading\" data-id=\"62ce9d6\" data-element_type=\"widget\" data-e-type=\"widget\" data-widget_type=\"heading.default\">\n\t\t\t\t<div class=\"elementor-widget-container\">\n\t\t\t\t\t<span class=\"elementor-heading-title elementor-size-default\">V\u00e1laszd ki a megv\u00e1s\u00e1rolt j\u00e1t\u00e9kot \u00e9s indulhat a kaland!<\/span>\t\t\t\t<\/div>\n\t\t\t\t<\/div>\n\t\t\t\t<\/div>\n\t\t<div class=\"elementor-element elementor-element-4554294 e-con-full e-flex e-con e-child\" data-id=\"4554294\" data-element_type=\"container\" data-e-type=\"container\">\n\t\t<div class=\"elementor-element elementor-element-88a83bc e-con-full e-flex e-con e-child\" data-id=\"88a83bc\" data-element_type=\"container\" data-e-type=\"container\">\n\t\t\t\t<div class=\"elementor-element elementor-element-921c18f elementor-widget elementor-widget-image\" data-id=\"921c18f\" data-element_type=\"widget\" data-e-type=\"widget\" data-widget_type=\"image.default\">\n\t\t\t\t<div class=\"elementor-widget-container\">\n\t\t\t\t\t\t\t\t\t\t\t\t\t\t\t\t<a href=\"https:\/\/detactive.hu\/en\/fekete-rozsak-rejtelye-nyitooldal\/#fekete-rozsak1\">\n\t\t\t\t\t\t\t<img fetchpriority=\"high\" decoding=\"async\" width=\"467\" height=\"700\" src=\"https:\/\/detactive.hu\/wp-content\/uploads\/2025\/07\/fekete-rozsak-467x700.webp\" class=\"attachment-medium size-medium wp-image-2071\" alt=\"fekete-rozsak\" srcset=\"https:\/\/detactive.hu\/wp-content\/uploads\/2025\/07\/fekete-rozsak-467x700.webp 467w, https:\/\/detactive.hu\/wp-content\/uploads\/2025\/07\/fekete-rozsak-683x1024.webp 683w, https:\/\/detactive.hu\/wp-content\/uploads\/2025\/07\/fekete-rozsak-768x1152.webp 768w, https:\/\/detactive.hu\/wp-content\/uploads\/2025\/07\/fekete-rozsak-8x12.webp 8w, https:\/\/detactive.hu\/wp-content\/uploads\/2025\/07\/fekete-rozsak-600x900.webp 600w, https:\/\/detactive.hu\/wp-content\/uploads\/2025\/07\/fekete-rozsak.webp 1024w\" sizes=\"(max-width: 467px) 100vw, 467px\" \/>\t\t\t\t\t\t\t\t<\/a>\n\t\t\t\t\t\t\t\t\t\t\t\t\t\t\t<\/div>\n\t\t\t\t<\/div>\n\t\t\t\t<div class=\"elementor-element elementor-element-059b901 elementor-align-center elementor-widget elementor-widget-button\" data-id=\"059b901\" data-element_type=\"widget\" data-e-type=\"widget\" data-widget_type=\"button.default\">\n\t\t\t\t<div class=\"elementor-widget-container\">\n\t\t\t\t\t\t\t\t\t<div class=\"elementor-button-wrapper\">\n\t\t\t\t\t<a class=\"elementor-button elementor-button-link elementor-size-sm\" href=\"https:\/\/detactive.hu\/en\/fekete-rozsak-rejtelye-nyitooldal\/#fekete-rozsak1\">\n\t\t\t\t\t\t<span class=\"elementor-button-content-wrapper\">\n\t\t\t\t\t\t\t\t\t<span class=\"elementor-button-text\">Nyomoz\u00e1s ind\u00edt\u00e1sa<\/span>\n\t\t\t\t\t<\/span>\n\t\t\t\t\t<\/a>\n\t\t\t\t<\/div>\n\t\t\t\t\t\t\t\t<\/div>\n\t\t\t\t<\/div>\n\t\t\t\t<\/div>\n\t\t<div class=\"elementor-element elementor-element-ef12e9d e-con-full e-flex e-con e-child\" data-id=\"ef12e9d\" data-element_type=\"container\" data-e-type=\"container\">\n\t\t\t\t<div class=\"elementor-element elementor-element-ffe451d elementor-widget elementor-widget-image\" data-id=\"ffe451d\" data-element_type=\"widget\" data-e-type=\"widget\" data-widget_type=\"image.default\">\n\t\t\t\t<div class=\"elementor-widget-container\">\n\t\t\t\t\t\t\t\t\t\t\t\t\t\t\t\t<a href=\"https:\/\/detactive.hu\/en\/tovisek-1-helyszin\/\">\n\t\t\t\t\t\t\t<img decoding=\"async\" width=\"467\" height=\"700\" src=\"https:\/\/detactive.hu\/wp-content\/uploads\/2025\/07\/tovisek-boritokep-467x700.webp\" class=\"attachment-medium size-medium wp-image-2211\" alt=\"\" srcset=\"https:\/\/detactive.hu\/wp-content\/uploads\/2025\/07\/tovisek-boritokep-467x700.webp 467w, https:\/\/detactive.hu\/wp-content\/uploads\/2025\/07\/tovisek-boritokep-683x1024.webp 683w, https:\/\/detactive.hu\/wp-content\/uploads\/2025\/07\/tovisek-boritokep-768x1152.webp 768w, https:\/\/detactive.hu\/wp-content\/uploads\/2025\/07\/tovisek-boritokep-8x12.webp 8w, https:\/\/detactive.hu\/wp-content\/uploads\/2025\/07\/tovisek-boritokep-600x900.webp 600w, https:\/\/detactive.hu\/wp-content\/uploads\/2025\/07\/tovisek-boritokep.webp 1024w\" sizes=\"(max-width: 467px) 100vw, 467px\" \/>\t\t\t\t\t\t\t\t<\/a>\n\t\t\t\t\t\t\t\t\t\t\t\t\t\t\t<\/div>\n\t\t\t\t<\/div>\n\t\t\t\t<div class=\"elementor-element elementor-element-262d18d elementor-align-center elementor-widget elementor-widget-button\" data-id=\"262d18d\" data-element_type=\"widget\" data-e-type=\"widget\" data-widget_type=\"button.default\">\n\t\t\t\t<div class=\"elementor-widget-container\">\n\t\t\t\t\t\t\t\t\t<div class=\"elementor-button-wrapper\">\n\t\t\t\t\t<a class=\"elementor-button elementor-button-link elementor-size-sm\" href=\"https:\/\/detactive.hu\/en\/tovisek-1-helyszin\/\">\n\t\t\t\t\t\t<span class=\"elementor-button-content-wrapper\">\n\t\t\t\t\t\t\t\t\t<span class=\"elementor-button-text\">Nyomoz\u00e1s ind\u00edt\u00e1sa<\/span>\n\t\t\t\t\t<\/span>\n\t\t\t\t\t<\/a>\n\t\t\t\t<\/div>\n\t\t\t\t\t\t\t\t<\/div>\n\t\t\t\t<\/div>\n\t\t\t\t<\/div>\n\t\t<div class=\"elementor-element elementor-element-a591721 e-con-full e-flex e-con e-child\" data-id=\"a591721\" data-element_type=\"container\" data-e-type=\"container\">\n\t\t\t\t<div class=\"elementor-element elementor-element-6215500 elementor-widget elementor-widget-image\" data-id=\"6215500\" data-element_type=\"widget\" data-e-type=\"widget\" data-widget_type=\"image.default\">\n\t\t\t\t<div class=\"elementor-widget-container\">\n\t\t\t\t\t\t\t\t\t\t\t\t\t\t\t\t<a href=\"https:\/\/detactive.hu\/en\/tovisek-1-helyszin\/\">\n\t\t\t\t\t\t\t<img decoding=\"async\" width=\"700\" height=\"700\" src=\"https:\/\/detactive.hu\/wp-content\/uploads\/2025\/08\/te-20-bevezeto-kep-700x700.webp\" class=\"attachment-medium size-medium wp-image-2420\" alt=\"\" srcset=\"https:\/\/detactive.hu\/wp-content\/uploads\/2025\/08\/te-20-bevezeto-kep-700x700.webp 700w, https:\/\/detactive.hu\/wp-content\/uploads\/2025\/08\/te-20-bevezeto-kep-150x150.webp 150w, https:\/\/detactive.hu\/wp-content\/uploads\/2025\/08\/te-20-bevezeto-kep-768x768.webp 768w, https:\/\/detactive.hu\/wp-content\/uploads\/2025\/08\/te-20-bevezeto-kep-12x12.webp 12w, https:\/\/detactive.hu\/wp-content\/uploads\/2025\/08\/te-20-bevezeto-kep-300x300.webp 300w, https:\/\/detactive.hu\/wp-content\/uploads\/2025\/08\/te-20-bevezeto-kep-600x600.webp 600w, https:\/\/detactive.hu\/wp-content\/uploads\/2025\/08\/te-20-bevezeto-kep-100x100.webp 100w, https:\/\/detactive.hu\/wp-content\/uploads\/2025\/08\/te-20-bevezeto-kep.webp 1000w\" sizes=\"(max-width: 700px) 100vw, 700px\" \/>\t\t\t\t\t\t\t\t<\/a>\n\t\t\t\t\t\t\t\t\t\t\t\t\t\t\t<\/div>\n\t\t\t\t<\/div>\n\t\t\t\t<div class=\"elementor-element elementor-element-f92a711 elementor-widget elementor-widget-heading\" data-id=\"f92a711\" data-element_type=\"widget\" data-e-type=\"widget\" data-widget_type=\"heading.default\">\n\t\t\t\t<div class=\"elementor-widget-container\">\n\t\t\t\t\t<span class=\"elementor-heading-title elementor-size-default\">\ud83c\udf3f TE 2.0 \u2013 \u00d6nismereti s\u00e9ta Si\u00f3fokon<\/span>\t\t\t\t<\/div>\n\t\t\t\t<\/div>\n\t\t\t\t<div class=\"elementor-element elementor-element-c3977c8 elementor-align-center elementor-tablet-align-left elementor-widget elementor-widget-button\" data-id=\"c3977c8\" data-element_type=\"widget\" data-e-type=\"widget\" data-widget_type=\"button.default\">\n\t\t\t\t<div class=\"elementor-widget-container\">\n\t\t\t\t\t\t\t\t\t<div class=\"elementor-button-wrapper\">\n\t\t\t\t\t<a class=\"elementor-button elementor-button-link elementor-size-sm\" href=\"https:\/\/detactive.hu\/en\/te-2-0\/\">\n\t\t\t\t\t\t<span class=\"elementor-button-content-wrapper\">\n\t\t\t\t\t\t\t\t\t<span class=\"elementor-button-text\">elindulok!<\/span>\n\t\t\t\t\t<\/span>\n\t\t\t\t\t<\/a>\n\t\t\t\t<\/div>\n\t\t\t\t\t\t\t\t<\/div>\n\t\t\t\t<\/div>\n\t\t\t\t<\/div>\n\t\t\t\t<\/div>\n\t\t\t\t\t<\/div>\n\t\t\t\t<\/div>\n\t\t<div class=\"elementor-element elementor-element-4ee06228 e-flex e-con-boxed e-con e-parent\" data-id=\"4ee06228\" data-element_type=\"container\" data-e-type=\"container\">\n\t\t\t\t\t<div class=\"e-con-inner\">\n\t\t<div class=\"elementor-element elementor-element-220f615e e-con-full e-flex e-con e-child\" data-id=\"220f615e\" data-element_type=\"container\" data-e-type=\"container\" data-settings=\"{&quot;background_background&quot;:&quot;classic&quot;}\">\n\t\t\t\t<div class=\"elementor-element elementor-element-26c5e256 fiokom e-my-account-tabs-vertical elementor-widget elementor-widget-woocommerce-my-account\" data-id=\"26c5e256\" data-element_type=\"widget\" data-e-type=\"widget\" data-settings=\"{&quot;customize_dashboard_check&quot;:&quot;yes&quot;}\" data-widget_type=\"woocommerce-my-account.default\">\n\t\t\t\t<div class=\"elementor-widget-container\">\n\t\t\t\t\t<div class=\"e-my-account-tab e-my-account-tab__\">\t\t\t<div class=\"woocommerce\"><\/div>\t\t<\/div>\n\t\t\t\t\t\t<\/div>\n\t\t\t\t<\/div>\n\t\t\t\t<\/div>\n\t\t\t\t\t<\/div>\n\t\t\t\t<\/div>\n\t\t\t\t<\/div>","protected":false},"excerpt":{"rendered":"<p>Fi\u00f3kom V\u00e1laszd ki a megv\u00e1s\u00e1rolt j\u00e1t\u00e9kot \u00e9s indulhat a kaland! Nyomoz\u00e1s ind\u00edt\u00e1sa Nyomoz\u00e1s ind\u00edt\u00e1sa \ud83c\udf3f TE 2.0 \u2013 \u00d6nismereti s\u00e9ta Si\u00f3fokon elindulok! Fi\u00f3kom Rendel\u00e9sek Let\u00f6lt\u00e9sek C\u00edmek Fizet\u00e9si m\u00f3dok Profil szerkeszt\u00e9se Kijelentkez\u00e9s \u00dcdv G\u00e1bor Tepl\u00e1n! (nem G\u00e1bor Tepl\u00e1n vagy? Kijelentkez\u00e9s) A fi\u00f3kban megtekinthet\u0151k a legut\u00f3bbi rendel\u00e9sek, m\u00f3dos\u00edthat\u00f3 a sz\u00e1ml\u00e1z\u00e1si c\u00edm \u00e9s szerkeszthet\u0151 a jelsz\u00f3, valamint egy\u00e9b [&hellip;]<\/p>\n","protected":false},"author":2,"featured_media":0,"parent":0,"menu_order":0,"comment_status":"closed","ping_status":"closed","template":"","meta":{"footnotes":""},"class_list":["post-551","page","type-page","status-publish","hentry"],"_links":{"self":[{"href":"https:\/\/detactive.hu\/en\/wp-json\/wp\/v2\/pages\/551","targetHints":{"allow":["GET"]}}],"collection":[{"href":"https:\/\/detactive.hu\/en\/wp-json\/wp\/v2\/pages"}],"about":[{"href":"https:\/\/detactive.hu\/en\/wp-json\/wp\/v2\/types\/page"}],"author":[{"embeddable":true,"href":"https:\/\/detactive.hu\/en\/wp-json\/wp\/v2\/users\/2"}],"replies":[{"embeddable":true,"href":"https:\/\/detactive.hu\/en\/wp-json\/wp\/v2\/comments?post=551"}],"version-history":[{"count":47,"href":"https:\/\/detactive.hu\/en\/wp-json\/wp\/v2\/pages\/551\/revisions"}],"predecessor-version":[{"id":2846,"href":"https:\/\/detactive.hu\/en\/wp-json\/wp\/v2\/pages\/551\/revisions\/2846"}],"wp:attachment":[{"href":"https:\/\/detactive.hu\/en\/wp-json\/wp\/v2\/media?parent=551"}],"curies":[{"name":"wp","href":"https:\/\/api.w.org\/{rel}","templated":true}]}}