{"id":539,"date":"2025-03-06T12:02:14","date_gmt":"2025-03-06T11:02:14","guid":{"rendered":"https:\/\/detactive.hu\/aszf\/"},"modified":"2025-07-03T18:14:26","modified_gmt":"2025-07-03T16:14:26","slug":"aszf","status":"publish","type":"page","link":"https:\/\/detactive.hu\/en\/aszf\/","title":{"rendered":"\u00c1SZF"},"content":{"rendered":"\t\t<div data-elementor-type=\"wp-page\" data-elementor-id=\"539\" class=\"elementor elementor-539\" data-elementor-post-type=\"page\">\n\t\t\t\t<div class=\"elementor-element elementor-element-63cfa2c0 e-flex e-con-boxed e-con e-parent\" data-id=\"63cfa2c0\" data-element_type=\"container\" data-e-type=\"container\" data-settings=\"{&quot;background_background&quot;:&quot;classic&quot;}\">\n\t\t\t\t\t<div class=\"e-con-inner\">\n\t\t<div class=\"elementor-element elementor-element-6f5af9ac e-con-full e-flex e-con e-child\" data-id=\"6f5af9ac\" data-element_type=\"container\" data-e-type=\"container\">\n\t\t\t\t<div class=\"elementor-element elementor-element-29866d1d elementor-widget elementor-widget-heading\" data-id=\"29866d1d\" data-element_type=\"widget\" data-e-type=\"widget\" data-widget_type=\"heading.default\">\n\t\t\t\t<div class=\"elementor-widget-container\">\n\t\t\t\t\t<h1 class=\"elementor-heading-title elementor-size-default\">\u00c1ltal\u00e1nos Szerz\u0151d\u00e9si Felt\u00e9telek<\/h1>\t\t\t\t<\/div>\n\t\t\t\t<\/div>\n\t\t\t\t<\/div>\n\t\t\t\t\t<\/div>\n\t\t\t\t<\/div>\n\t\t<div class=\"elementor-element elementor-element-722c71ec e-flex e-con-boxed e-con e-parent\" data-id=\"722c71ec\" data-element_type=\"container\" data-e-type=\"container\">\n\t\t\t\t\t<div class=\"e-con-inner\">\n\t\t<div class=\"elementor-element elementor-element-470859ed e-con-full e-flex e-con e-child\" data-id=\"470859ed\" data-element_type=\"container\" data-e-type=\"container\">\n\t\t\t\t<div class=\"elementor-element elementor-element-32a568ea elementor-widget elementor-widget-text-editor\" data-id=\"32a568ea\" data-element_type=\"widget\" data-e-type=\"widget\" data-widget_type=\"text-editor.default\">\n\t\t\t\t<div class=\"elementor-widget-container\">\n\t\t\t\t\t\t\t\t\t<p>A DetActive szabadt\u00e9ri nyomoz\u00f3s j\u00e1t\u00e9khoz<\/p>\t\t\t\t\t\t\t\t<\/div>\n\t\t\t\t<\/div>\n\t\t\t\t<div class=\"elementor-element elementor-element-7bd6d968 elementor-widget elementor-widget-text-editor\" data-id=\"7bd6d968\" data-element_type=\"widget\" data-e-type=\"widget\" data-widget_type=\"text-editor.default\">\n\t\t\t\t<div class=\"elementor-widget-container\">\n\t\t\t\t\t\t\t\t\t<p>________________________________________<br \/>Hat\u00e1lyba l\u00e9p\u00e9s d\u00e1tuma: 2025.03.10<br \/>\u00dczemeltet\u0151: Honv\u00e1ri G\u00e1bor<br \/>Sz\u00e9khely: 8600 Si\u00f3fok, Honv\u00e9d utca 7\/1<br \/>Kapcsolat: info@detactive.hu<br \/>Weboldal: www.detactive.hu<br \/>________________________________________<br \/>1. \u00c1ltal\u00e1nos rendelkez\u00e9sek<br \/>1.1. A jelen \u00c1ltal\u00e1nos Szerz\u0151d\u00e9si Felt\u00e9telek (\u00c1SZF) szab\u00e1lyozz\u00e1k a www.detactive.hu weboldalon el\u00e9rhet\u0151 DetActive szabadt\u00e9ri nyomoz\u00f3s j\u00e1t\u00e9k szolg\u00e1ltat\u00e1s ig\u00e9nybev\u00e9tel\u00e9t.<br \/>1.2. A szolg\u00e1ltat\u00e1s ig\u00e9nybev\u00e9tel\u00e9vel a felhaszn\u00e1l\u00f3 elfogadja a jelen \u00c1SZF rendelkez\u00e9seit.<br \/>1.3. Az \u00fczemeltet\u0151 fenntartja a jogot, hogy az \u00c1SZF-et b\u00e1rmikor m\u00f3dos\u00edtsa. Az esetleges m\u00f3dos\u00edt\u00e1sok a weboldalon t\u00f6rt\u00e9n\u0151 k\u00f6zz\u00e9t\u00e9tellel l\u00e9pnek hat\u00e1lyba.<br \/>________________________________________<br \/>2. A szolg\u00e1ltat\u00e1s le\u00edr\u00e1sa<br \/>2.1. A DetActive egy szabadt\u00e9ri nyomoz\u00f3s kalandj\u00e1t\u00e9k, amelynek sor\u00e1n a r\u00e9sztvev\u0151k egy el\u0151re meghat\u00e1rozott \u00fatvonalon haladva, logikai feladv\u00e1nyok megold\u00e1s\u00e1val egy adott t\u00f6rt\u00e9netet fejtenek meg.<br \/>2.2. A j\u00e1t\u00e9k kiz\u00e1r\u00f3lag el\u0151zetes foglal\u00e1s ut\u00e1n vehet\u0151 ig\u00e9nybe a weboldalon kereszt\u00fcl.<br \/>2.3. A j\u00e1t\u00e9khoz okostelefon \u00e9s a weboldalon kapott instrukci\u00f3k k\u00f6vet\u00e9se sz\u00fcks\u00e9ges, internetkapcsolat sz\u00fcks\u00e9ges hozz\u00e1.<br \/>________________________________________<br \/>3. Foglal\u00e1s \u00e9s fizet\u00e9s<br \/>3.1. A j\u00e1t\u00e9kra val\u00f3 jelentkez\u00e9s a weboldalon kereszt\u00fcl t\u00f6rt\u00e9nik.<br \/>3.2. A foglal\u00e1s sor\u00e1n a r\u00e9sztvev\u0151 k\u00f6teles megadni a val\u00f3s \u00e9s el\u00e9rhet\u0151 kapcsolati adatait.<br \/>3.3. A szolg\u00e1ltat\u00e1s \u00e1ra a weboldalon felt\u00fcntetett d\u00edjszab\u00e1s szerint alakul.<br \/>3.4. A foglal\u00e1s a fizet\u00e9s be\u00e9rkez\u00e9se ut\u00e1n v\u00e1lik v\u00e9glegess\u00e9. A fizet\u00e9s t\u00f6rt\u00e9nhet:<br \/>\u2022 Online bankk\u00e1rty\u00e1s fizet\u00e9ssel (Stripe)<br \/>________________________________________<br \/>4. Lemond\u00e1s \u00e9s m\u00f3dos\u00edt\u00e1s<br \/>4.1. A foglal\u00e1s lemond\u00e1sa a megrendel\u00e9st \u00e9s fizet\u00e9st k\u00f6vet\u0151en nem lehets\u00e9ges<br \/>\u2022 4.3. Az \u00fczemeltet\u0151 fenntartja a jogot, hogy vis maior eset\u00e9n m\u00f3dos\u00edtsa a foglal\u00e1st vagy visszat\u00e9r\u00edtse az \u00f6sszeget.<br \/>________________________________________<br \/>5. R\u00e9szv\u00e9teli felt\u00e9telek<br \/>5.1. A j\u00e1t\u00e9kban mindenki saj\u00e1t felel\u0151ss\u00e9g\u00e9re vesz r\u00e9szt.<br \/>5.2. A r\u00e9sztvev\u0151k k\u00f6telesek betartani a k\u00f6zleked\u00e9si \u00e9s helyi szab\u00e1lyokat, mivel a j\u00e1t\u00e9k nyilv\u00e1nos tereken zajlik.<br \/>5.3. A j\u00e1t\u00e9k sor\u00e1n tilos b\u00e1rmilyen k\u00e1rt okozni a k\u00f6rnyezetben vagy harmadik f\u00e9l tulajdon\u00e1ban.<br \/>5.4. Az \u00fczemeltet\u0151 nem v\u00e1llal felel\u0151ss\u00e9get a j\u00e1t\u00e9k k\u00f6zben bek\u00f6vetkez\u0151 szem\u00e9lyi s\u00e9r\u00fcl\u00e9sek\u00e9rt vagy vagyoni k\u00e1rok\u00e9rt.<br \/>________________________________________<br \/>6. Adatkezel\u00e9s \u00e9s adatv\u00e9delem<br \/>6.1. Az \u00fczemeltet\u0151 az adatokat a GDPR el\u0151\u00edr\u00e1sainak megfelel\u0151en kezeli.<br \/>6.2. A j\u00e1t\u00e9kosok adatait kiz\u00e1r\u00f3lag a foglal\u00e1s \u00e9s a j\u00e1t\u00e9k lebonyol\u00edt\u00e1sa c\u00e9lj\u00e1b\u00f3l t\u00e1roljuk.<br \/>6.3. Az adatkezel\u00e9si t\u00e1j\u00e9koztat\u00f3 el\u00e9rhet\u0151 a weboldalon: [Adatv\u00e9delmi t\u00e1j\u00e9koztat\u00f3 link]<br \/>________________________________________<br \/>7. Panaszkezel\u00e9s \u00e9s jogvita<br \/>7.1. A j\u00e1t\u00e9kosok panasz eset\u00e9n \u00edr\u00e1sban fordulhatnak az \u00fczemeltet\u0151h\u00f6z az info@detactive.hu c\u00edmen.<br \/>7.2. A panaszokat az \u00fczemeltet\u0151 legfeljebb 14 napon bel\u00fcl kivizsg\u00e1lja \u00e9s v\u00e1laszol r\u00e1.<br \/>7.3. Jogvita eset\u00e9n a felek b\u00e9k\u00e9s \u00faton pr\u00f3b\u00e1lj\u00e1k rendezni a vit\u00e1s k\u00e9rd\u00e9seket.<br \/>7.4. Ha nem siker\u00fcl megegyez\u00e9sre jutni, a jogvita rendez\u00e9s\u00e9re a hat\u00e1lyos magyar jogszab\u00e1lyok ir\u00e1nyad\u00f3ak.<br \/>________________________________________<br \/>8. Egy\u00e9b rendelkez\u00e9sek<br \/>8.1. A j\u00e1t\u00e9kban val\u00f3 r\u00e9szv\u00e9tellel a j\u00e1t\u00e9kosok elfogadj\u00e1k a jelen \u00c1SZF felt\u00e9teleit.<br \/>8.2. Az \u00fczemeltet\u0151 fenntartja a jogot a j\u00e1t\u00e9k m\u00f3dos\u00edt\u00e1s\u00e1ra, sz\u00fcneteltet\u00e9s\u00e9re vagy megsz\u00fcntet\u00e9s\u00e9re.<br \/>8.3. Minden egy\u00e9b, itt nem szab\u00e1lyozott k\u00e9rd\u00e9sben a magyar jog az ir\u00e1nyad\u00f3.<br \/>________________________________________<br \/>\ud83d\udccc Ha b\u00e1rmilyen k\u00e9rd\u00e9sed van, vedd fel vel\u00fcnk a kapcsolatot!<br \/>\ud83d\udce7 E-mail: info@detactive.hu<\/p>\t\t\t\t\t\t\t\t<\/div>\n\t\t\t\t<\/div>\n\t\t\t\t<div class=\"elementor-element elementor-element-3421b471 elementor-widget elementor-widget-text-editor\" data-id=\"3421b471\" data-element_type=\"widget\" data-e-type=\"widget\" data-widget_type=\"text-editor.default\">\n\t\t\t\t<div class=\"elementor-widget-container\">\n\t\t\t\t\t\t\t\t\t<p>Si\u00f3fok, 2025.03.10.<\/p>\t\t\t\t\t\t\t\t<\/div>\n\t\t\t\t<\/div>\n\t\t\t\t<\/div>\n\t\t\t\t\t<\/div>\n\t\t\t\t<\/div>\n\t\t\t\t<\/div>\n\t\t","protected":false},"excerpt":{"rendered":"<p>\u00c1ltal\u00e1nos Szerz\u0151d\u00e9si Felt\u00e9telek A DetActive szabadt\u00e9ri nyomoz\u00f3s j\u00e1t\u00e9khoz ________________________________________Hat\u00e1lyba l\u00e9p\u00e9s d\u00e1tuma: 2025.03.10\u00dczemeltet\u0151: Honv\u00e1ri G\u00e1borSz\u00e9khely: 8600 Si\u00f3fok, Honv\u00e9d utca 7\/1Kapcsolat: info@detactive.huWeboldal: www.detactive.hu________________________________________1. \u00c1ltal\u00e1nos rendelkez\u00e9sek1.1. A jelen \u00c1ltal\u00e1nos Szerz\u0151d\u00e9si Felt\u00e9telek (\u00c1SZF) szab\u00e1lyozz\u00e1k a www.detactive.hu weboldalon el\u00e9rhet\u0151 DetActive szabadt\u00e9ri nyomoz\u00f3s j\u00e1t\u00e9k szolg\u00e1ltat\u00e1s ig\u00e9nybev\u00e9tel\u00e9t.1.2. A szolg\u00e1ltat\u00e1s ig\u00e9nybev\u00e9tel\u00e9vel a felhaszn\u00e1l\u00f3 elfogadja a jelen \u00c1SZF rendelkez\u00e9seit.1.3. Az \u00fczemeltet\u0151 fenntartja a jogot, [&hellip;]<\/p>\n","protected":false},"author":2,"featured_media":0,"parent":0,"menu_order":0,"comment_status":"closed","ping_status":"closed","template":"","meta":{"footnotes":""},"class_list":["post-539","page","type-page","status-publish","hentry"],"_links":{"self":[{"href":"https:\/\/detactive.hu\/en\/wp-json\/wp\/v2\/pages\/539","targetHints":{"allow":["GET"]}}],"collection":[{"href":"https:\/\/detactive.hu\/en\/wp-json\/wp\/v2\/pages"}],"about":[{"href":"https:\/\/detactive.hu\/en\/wp-json\/wp\/v2\/types\/page"}],"author":[{"embeddable":true,"href":"https:\/\/detactive.hu\/en\/wp-json\/wp\/v2\/users\/2"}],"replies":[{"embeddable":true,"href":"https:\/\/detactive.hu\/en\/wp-json\/wp\/v2\/comments?post=539"}],"version-history":[{"count":11,"href":"https:\/\/detactive.hu\/en\/wp-json\/wp\/v2\/pages\/539\/revisions"}],"predecessor-version":[{"id":1878,"href":"https:\/\/detactive.hu\/en\/wp-json\/wp\/v2\/pages\/539\/revisions\/1878"}],"wp:attachment":[{"href":"https:\/\/detactive.hu\/en\/wp-json\/wp\/v2\/media?parent=539"}],"curies":[{"name":"wp","href":"https:\/\/api.w.org\/{rel}","templated":true}]}}