{"id":1209,"date":"2025-03-09T23:30:12","date_gmt":"2025-03-09T22:30:12","guid":{"rendered":"https:\/\/detactive.hu\/?page_id=1209"},"modified":"2025-07-03T18:15:41","modified_gmt":"2025-07-03T16:15:41","slug":"hoppa","status":"publish","type":"page","link":"https:\/\/detactive.hu\/en\/hoppa\/","title":{"rendered":"Hopp\u00e1"},"content":{"rendered":"<div data-elementor-type=\"wp-page\" data-elementor-id=\"1209\" class=\"elementor elementor-1209\" data-elementor-post-type=\"page\">\n\t\t\t\t<div class=\"elementor-element elementor-element-eb2ee29 e-flex e-con-boxed e-con e-parent\" data-id=\"eb2ee29\" data-element_type=\"container\" data-e-type=\"container\">\n\t\t\t\t\t<div class=\"e-con-inner\">\n\t\t\t\t<div class=\"elementor-element elementor-element-b4c69b4 elementor-widget elementor-widget-heading\" data-id=\"b4c69b4\" data-element_type=\"widget\" data-e-type=\"widget\" data-widget_type=\"heading.default\">\n\t\t\t\t<div class=\"elementor-widget-container\">\n\t\t\t\t\t<h2 class=\"elementor-heading-title elementor-size-default\">Unfortunately you don't have access to this game!<\/h2>\t\t\t\t<\/div>\n\t\t\t\t<\/div>\n\t\t<div class=\"elementor-element elementor-element-81dd558 e-con-full e-flex e-con e-child\" data-id=\"81dd558\" data-element_type=\"container\" data-e-type=\"container\">\n\t\t\t\t<div class=\"elementor-element elementor-element-b17e7d4 elementor-widget elementor-widget-text-editor\" data-id=\"b17e7d4\" data-element_type=\"widget\" data-e-type=\"widget\" data-widget_type=\"text-editor.default\">\n\t\t\t\t<div class=\"elementor-widget-container\">\n\t\t\t\t\t\t\t\t\t<p>If you've already bought one of the games, log in and start investigating!<\/p>\t\t\t\t\t\t\t\t<\/div>\n\t\t\t\t<\/div>\n\t\t\t\t<div class=\"elementor-element elementor-element-fa8118d elementor-widget elementor-widget-text-editor\" data-id=\"fa8118d\" data-element_type=\"widget\" data-e-type=\"widget\" data-widget_type=\"text-editor.default\">\n\t\t\t\t<div class=\"elementor-widget-container\">\n\t\t\t\t\t\t\t\t\t<p><strong>\ud83d\udd13 Log in<\/strong><\/p>\t\t\t\t\t\t\t\t<\/div>\n\t\t\t\t<\/div>\n\t\t\t\t<div class=\"elementor-element elementor-element-e9ec779 elementor-mobile-button-align-center elementor-widget elementor-widget-login\" data-id=\"e9ec779\" data-element_type=\"widget\" data-e-type=\"widget\" data-widget_type=\"login.default\">\n\t\t\t\t<div class=\"elementor-widget-container\">\n\t\t\t\t\t\t\t<form class=\"elementor-login elementor-form\" method=\"post\" action=\"https:\/\/detactive.hu\/wp-login.php\" aria-label=\"Login form\">\n\t\t\t<input type=\"hidden\" name=\"redirect_to\" value=\"https:\/\/detactive.hu\/#jatekok\">\n\t\t\t<div class=\"elementor-form-fields-wrapper\">\n\t\t\t\t<div class=\"elementor-field-type-text elementor-field-group elementor-column elementor-col-100 elementor-field-required\">\n\t\t\t\t\t<label for=\"user-e9ec779\" class=\"elementor-field-label elementor-screen-only\">User name or email address<\/label>\n\t\t\t\t\t<input size=\"1\" type=\"text\" name=\"log\" id=\"user-e9ec779\" placeholder=\"User name or email address\" class=\"elementor-field elementor-field-textual elementor-size-sm\">\n\t\t\t\t<\/div>\n\t\t\t\t<div class=\"elementor-field-type-text elementor-field-group elementor-column elementor-col-100 elementor-field-required\">\n\t\t\t\t\t<label for=\"password-e9ec779\" class=\"elementor-field-label elementor-screen-only\">Password<\/label>\n\t\t\t\t\t<input size=\"1\" type=\"password\" name=\"pwd\" id=\"password-e9ec779\" placeholder=\"Password\" class=\"elementor-field elementor-field-textual elementor-size-sm\">\n\t\t\t\t<\/div>\n\n\t\t\t\t\n\t\t\t\t<div class=\"elementor-field-group elementor-column elementor-field-type-submit elementor-col-100\">\n\t\t\t\t\t<button type=\"submit\" class=\"elementor-size-sm elementor-button\" name=\"wp-submit\">\n\t\t\t\t\t\t\t\t\t\t\t\t\t\t\t<span class=\"elementor-button-text\">Log in<\/span>\n\t\t\t\t\t\t\t\t\t\t\t\t<\/button>\n\t\t\t\t<\/div>\n\n\t\t\t\t\t\t\t\t\t<div class=\"elementor-field-group elementor-column elementor-col-100\">\n\t\t\t\t\t\t\t\t\t\t\t\t\t\t\t\t\t\t\t\t<a class=\"elementor-lost-password\" href=\"https:\/\/detactive.hu\/en\/fiokom\/elfelejtett-jelszo\/\">\n\t\t\t\t\t\t\t\tLost your password?\t\t\t\t\t\t\t<\/a>\n\t\t\t\t\t\t\n\t\t\t\t\t\t\t\t\t\t\t<\/div>\n\t\t\t\t\t\t\t<\/div>\n\t\t<\/form>\n\t\t\t\t\t\t<\/div>\n\t\t\t\t<\/div>\n\t\t\t\t<\/div>\n\t\t<div class=\"elementor-element elementor-element-0f33dbf e-con-full e-flex e-con e-child\" data-id=\"0f33dbf\" data-element_type=\"container\" data-e-type=\"container\">\n\t\t\t\t<div class=\"elementor-element elementor-element-657ec62 elementor-widget elementor-widget-text-editor\" data-id=\"657ec62\" data-element_type=\"widget\" data-e-type=\"widget\" data-widget_type=\"text-editor.default\">\n\t\t\t\t<div class=\"elementor-widget-container\">\n\t\t\t\t\t\t\t\t\t<p>If you haven't bought any of the games yet, browse through the available adventures, buy the one you like and start your investigation!<\/p>\t\t\t\t\t\t\t\t<\/div>\n\t\t\t\t<\/div>\n\t\t\t\t<div class=\"elementor-element elementor-element-bedd8c4 elementor-widget elementor-widget-button\" data-id=\"bedd8c4\" data-element_type=\"widget\" data-e-type=\"widget\" data-widget_type=\"button.default\">\n\t\t\t\t<div class=\"elementor-widget-container\">\n\t\t\t\t\t\t\t\t\t<div class=\"elementor-button-wrapper\">\n\t\t\t\t\t<a class=\"elementor-button elementor-button-link elementor-size-sm\" href=\"https:\/\/detactive.hu\/en\/#jatekok\">\n\t\t\t\t\t\t<span class=\"elementor-button-content-wrapper\">\n\t\t\t\t\t\t<span class=\"elementor-button-icon\">\n\t\t\t\t<svg aria-hidden=\"true\" class=\"e-font-icon-svg e-fas-shoe-prints\" viewbox=\"0 0 640 512\" xmlns=\"http:\/\/www.w3.org\/2000\/svg\"><path d=\"M192 160h32V32h-32c-35.35 0-64 28.65-64 64s28.65 64 64 64zM0 416c0 35.35 28.65 64 64 64h32V352H64c-35.35 0-64 28.65-64 64zm337.46-128c-34.91 0-76.16 13.12-104.73 32-24.79 16.38-44.52 32-104.73 32v128l57.53 15.97c26.21 7.28 53.01 13.12 80.31 15.05 32.69 2.31 65.6.67 97.58-6.2C472.9 481.3 512 429.22 512 384c0-64-84.18-96-174.54-96zM491.42 7.19C459.44.32 426.53-1.33 393.84.99c-27.3 1.93-54.1 7.77-80.31 15.04L256 32v128c60.2 0 79.94 15.62 104.73 32 28.57 18.88 69.82 32 104.73 32C555.82 224 640 192 640 128c0-45.22-39.1-97.3-148.58-120.81z\"><\/path><\/svg>\t\t\t<\/span>\n\t\t\t\t\t\t\t\t\t<span class=\"elementor-button-text\">adventures<\/span>\n\t\t\t\t\t<\/span>\n\t\t\t\t\t<\/a>\n\t\t\t\t<\/div>\n\t\t\t\t\t\t\t\t<\/div>\n\t\t\t\t<\/div>\n\t\t\t\t<\/div>\n\t\t\t\t\t<\/div>\n\t\t\t\t<\/div>\n\t\t\t\t<\/div>","protected":false},"excerpt":{"rendered":"<p>Sajnos nincs jogosults\u00e1god ehhez a j\u00e1t\u00e9khoz! Ha m\u00e1r megv\u00e1s\u00e1roltad valamelyik j\u00e1t\u00e9kot, jelentkezz be \u00e9s kezdd el a nyomoz\u00e1st! \ud83d\udd13 Bejelentkez\u00e9s Ha m\u00e9g nem vetted meg egyik j\u00e1t\u00e9kot sem, n\u00e9zz sz\u00e9t az el\u00e9rhet\u0151 kalandok k\u00f6z\u00f6tt, v\u00e1s\u00e1srold meg a neked szimpatikusat \u00e9s indulhat a nyomoz\u00e1s! j\u00e1t\u00e9kok<\/p>","protected":false},"author":2,"featured_media":0,"parent":0,"menu_order":0,"comment_status":"closed","ping_status":"closed","template":"","meta":{"footnotes":""},"class_list":["post-1209","page","type-page","status-publish","hentry"],"_links":{"self":[{"href":"https:\/\/detactive.hu\/en\/wp-json\/wp\/v2\/pages\/1209","targetHints":{"allow":["GET"]}}],"collection":[{"href":"https:\/\/detactive.hu\/en\/wp-json\/wp\/v2\/pages"}],"about":[{"href":"https:\/\/detactive.hu\/en\/wp-json\/wp\/v2\/types\/page"}],"author":[{"embeddable":true,"href":"https:\/\/detactive.hu\/en\/wp-json\/wp\/v2\/users\/2"}],"replies":[{"embeddable":true,"href":"https:\/\/detactive.hu\/en\/wp-json\/wp\/v2\/comments?post=1209"}],"version-history":[{"count":32,"href":"https:\/\/detactive.hu\/en\/wp-json\/wp\/v2\/pages\/1209\/revisions"}],"predecessor-version":[{"id":1880,"href":"https:\/\/detactive.hu\/en\/wp-json\/wp\/v2\/pages\/1209\/revisions\/1880"}],"wp:attachment":[{"href":"https:\/\/detactive.hu\/en\/wp-json\/wp\/v2\/media?parent=1209"}],"curies":[{"name":"wp","href":"https:\/\/api.w.org\/{rel}","templated":true}]}}